{"id":13186,"date":"2020-11-29T20:33:52","date_gmt":"2020-11-29T19:33:52","guid":{"rendered":"https:\/\/www.inmadelvalle.com\/shop\/"},"modified":"2020-11-29T20:53:45","modified_gmt":"2020-11-29T19:53:45","slug":"shop","status":"publish","type":"page","link":"https:\/\/www.inmadelvalle.com\/en\/shop\/","title":{"rendered":"Shop"},"content":{"rendered":"\n<p>couple shooting<\/p>\n\n<p><\/p>\n","protected":false},"excerpt":{"rendered":"<p>couple shooting<\/p>\n","protected":false},"author":1,"featured_media":57463,"parent":0,"menu_order":0,"comment_status":"closed","ping_status":"closed","template":"","meta":{"_acf_changed":false,"_lmt_disableupdate":"","_lmt_disable":"","footnotes":""},"categories":[],"tags":[],"class_list":["post-13186","page","type-page","status-publish","has-post-thumbnail","hentry"],"acf":[],"yoast_head":"<!-- This site is optimized with the Yoast SEO Premium plugin v27.3 (Yoast SEO v27.3) - https:\/\/yoast.com\/product\/yoast-seo-premium-wordpress\/ -->\n<title>Shop - [English] Photographers Mallorca | Inma del Valle | Wedding photographers Mallorca<\/title>\n<meta name=\"robots\" content=\"index, follow, max-snippet:-1, max-image-preview:large, max-video-preview:-1\" \/>\n<link rel=\"canonical\" href=\"https:\/\/www.inmadelvalle.com\/en\/shop\/\" \/>\n<meta property=\"og:locale\" content=\"en_US\" \/>\n<meta property=\"og:type\" content=\"article\" \/>\n<meta property=\"og:title\" content=\"Shop\" \/>\n<meta property=\"og:description\" content=\"couple shooting\" \/>\n<meta property=\"og:url\" content=\"https:\/\/www.inmadelvalle.com\/en\/shop\/\" \/>\n<meta property=\"og:site_name\" content=\"[English] Photographers Mallorca | Inma del Valle | Wedding photographers Mallorca\" \/>\n<meta property=\"article:publisher\" content=\"https:\/\/es-la.facebook.com\/InmadelValle\" \/>\n<meta property=\"article:modified_time\" content=\"2020-11-29T19:53:45+00:00\" \/>\n<meta property=\"og:image\" content=\"https:\/\/www.inmadelvalle.com\/wp-content\/uploads\/2025\/12\/packs-para-pedidas-de-mano-en-mallorca-39.webp\" \/>\n\t<meta property=\"og:image:width\" content=\"1181\" \/>\n\t<meta property=\"og:image:height\" content=\"787\" \/>\n\t<meta property=\"og:image:type\" content=\"image\/webp\" \/>\n<meta name=\"twitter:card\" content=\"summary_large_image\" \/>\n<meta name=\"twitter:site\" content=\"@Emibel1984\" \/>\n<script type=\"application\/ld+json\" class=\"yoast-schema-graph\">{\"@context\":\"https:\\\/\\\/schema.org\",\"@graph\":[{\"@type\":\"WebPage\",\"@id\":\"https:\\\/\\\/www.inmadelvalle.com\\\/en\\\/shop\\\/\",\"url\":\"https:\\\/\\\/www.inmadelvalle.com\\\/en\\\/shop\\\/\",\"name\":\"Shop - [English] Photographers Mallorca | Inma del Valle | Wedding photographers Mallorca\",\"isPartOf\":{\"@id\":\"https:\\\/\\\/www.inmadelvalle.com\\\/en\\\/#website\"},\"primaryImageOfPage\":{\"@id\":\"https:\\\/\\\/www.inmadelvalle.com\\\/en\\\/shop\\\/#primaryimage\"},\"image\":{\"@id\":\"https:\\\/\\\/www.inmadelvalle.com\\\/en\\\/shop\\\/#primaryimage\"},\"thumbnailUrl\":\"https:\\\/\\\/www.inmadelvalle.com\\\/wp-content\\\/uploads\\\/2025\\\/12\\\/packs-para-pedidas-de-mano-en-mallorca-39.webp\",\"datePublished\":\"2020-11-29T19:33:52+00:00\",\"dateModified\":\"2020-11-29T19:53:45+00:00\",\"breadcrumb\":{\"@id\":\"https:\\\/\\\/www.inmadelvalle.com\\\/en\\\/shop\\\/#breadcrumb\"},\"inLanguage\":\"en-US\",\"potentialAction\":[{\"@type\":\"ReadAction\",\"target\":[\"https:\\\/\\\/www.inmadelvalle.com\\\/en\\\/shop\\\/\"]}]},{\"@type\":\"ImageObject\",\"inLanguage\":\"en-US\",\"@id\":\"https:\\\/\\\/www.inmadelvalle.com\\\/en\\\/shop\\\/#primaryimage\",\"url\":\"https:\\\/\\\/www.inmadelvalle.com\\\/wp-content\\\/uploads\\\/2025\\\/12\\\/packs-para-pedidas-de-mano-en-mallorca-39.webp\",\"contentUrl\":\"https:\\\/\\\/www.inmadelvalle.com\\\/wp-content\\\/uploads\\\/2025\\\/12\\\/packs-para-pedidas-de-mano-en-mallorca-39.webp\",\"width\":1181,\"height\":787,\"caption\":\"la pareja disfruta del paisaje tras la propuesta de matrimonio\"},{\"@type\":\"BreadcrumbList\",\"@id\":\"https:\\\/\\\/www.inmadelvalle.com\\\/en\\\/shop\\\/#breadcrumb\",\"itemListElement\":[{\"@type\":\"ListItem\",\"position\":1,\"name\":\"Portada\",\"item\":\"https:\\\/\\\/www.inmadelvalle.com\\\/en\\\/\"},{\"@type\":\"ListItem\",\"position\":2,\"name\":\"Shop\"}]},{\"@type\":\"WebSite\",\"@id\":\"https:\\\/\\\/www.inmadelvalle.com\\\/en\\\/#website\",\"url\":\"https:\\\/\\\/www.inmadelvalle.com\\\/en\\\/\",\"name\":\"[English] Photographers Mallorca | Inma del Valle | Wedding photographers Mallorca\",\"description\":\"[English] Fot\u00f3grafo en Mallorca | Inma del Valle | Fot\u00f3grafos de bodas en Mallorca | Ten un recuerdo original y elegante del d\u00eda de tu boda. Wedding photographer.\",\"publisher\":{\"@id\":\"https:\\\/\\\/www.inmadelvalle.com\\\/en\\\/#organization\"},\"potentialAction\":[{\"@type\":\"SearchAction\",\"target\":{\"@type\":\"EntryPoint\",\"urlTemplate\":\"https:\\\/\\\/www.inmadelvalle.com\\\/en\\\/?s={search_term_string}\"},\"query-input\":{\"@type\":\"PropertyValueSpecification\",\"valueRequired\":true,\"valueName\":\"search_term_string\"}}],\"inLanguage\":\"en-US\"},{\"@type\":\"Organization\",\"@id\":\"https:\\\/\\\/www.inmadelvalle.com\\\/en\\\/#organization\",\"name\":\"Inma del Valle fotograf\u00eda\",\"url\":\"https:\\\/\\\/www.inmadelvalle.com\\\/en\\\/\",\"logo\":{\"@type\":\"ImageObject\",\"inLanguage\":\"en-US\",\"@id\":\"https:\\\/\\\/www.inmadelvalle.com\\\/en\\\/#\\\/schema\\\/logo\\\/image\\\/\",\"url\":\"https:\\\/\\\/www.inmadelvalle.com\\\/wp-content\\\/uploads\\\/2018\\\/11\\\/foto\u0301grafo-en-mallorca-logo.png\",\"contentUrl\":\"https:\\\/\\\/www.inmadelvalle.com\\\/wp-content\\\/uploads\\\/2018\\\/11\\\/foto\u0301grafo-en-mallorca-logo.png\",\"width\":486,\"height\":408,\"caption\":\"Inma del Valle fotograf\u00eda\"},\"image\":{\"@id\":\"https:\\\/\\\/www.inmadelvalle.com\\\/en\\\/#\\\/schema\\\/logo\\\/image\\\/\"},\"sameAs\":[\"https:\\\/\\\/es-la.facebook.com\\\/InmadelValle\",\"https:\\\/\\\/x.com\\\/Emibel1984\",\"https:\\\/\\\/www.instagram.com\\\/inmadelvallephotography\\\/\",\"https:\\\/\\\/www.linkedin.com\\\/in\\\/inmadelvalle\\\/\",\"https:\\\/\\\/www.pinterest.es\\\/inmadelvalle\\\/\"],\"description\":\"Destination wedding photographer based in Mallorca, specializing in luxury and intimate weddings across Mallorca, Ibiza, Italy and Mexico. Known for a natural, editorial and emotion driven approach, offering a personalized experience for couples from all over the world.\",\"email\":\"infoinmadelvalle@gmail.com\",\"telephone\":\"+34616866588\",\"legalName\":\"Inma del Valle fotograf\u00eda\"}]}<\/script>\n<!-- \/ Yoast SEO Premium plugin. -->","yoast_head_json":{"title":"Shop - [English] Photographers Mallorca | Inma del Valle | Wedding photographers Mallorca","robots":{"index":"index","follow":"follow","max-snippet":"max-snippet:-1","max-image-preview":"max-image-preview:large","max-video-preview":"max-video-preview:-1"},"canonical":"https:\/\/www.inmadelvalle.com\/en\/shop\/","og_locale":"en_US","og_type":"article","og_title":"Shop","og_description":"couple shooting","og_url":"https:\/\/www.inmadelvalle.com\/en\/shop\/","og_site_name":"[English] Photographers Mallorca | Inma del Valle | Wedding photographers Mallorca","article_publisher":"https:\/\/es-la.facebook.com\/InmadelValle","article_modified_time":"2020-11-29T19:53:45+00:00","og_image":[{"width":1181,"height":787,"url":"https:\/\/www.inmadelvalle.com\/wp-content\/uploads\/2025\/12\/packs-para-pedidas-de-mano-en-mallorca-39.webp","type":"image\/webp"}],"twitter_card":"summary_large_image","twitter_site":"@Emibel1984","schema":{"@context":"https:\/\/schema.org","@graph":[{"@type":"WebPage","@id":"https:\/\/www.inmadelvalle.com\/en\/shop\/","url":"https:\/\/www.inmadelvalle.com\/en\/shop\/","name":"Shop - [English] Photographers Mallorca | Inma del Valle | Wedding photographers Mallorca","isPartOf":{"@id":"https:\/\/www.inmadelvalle.com\/en\/#website"},"primaryImageOfPage":{"@id":"https:\/\/www.inmadelvalle.com\/en\/shop\/#primaryimage"},"image":{"@id":"https:\/\/www.inmadelvalle.com\/en\/shop\/#primaryimage"},"thumbnailUrl":"https:\/\/www.inmadelvalle.com\/wp-content\/uploads\/2025\/12\/packs-para-pedidas-de-mano-en-mallorca-39.webp","datePublished":"2020-11-29T19:33:52+00:00","dateModified":"2020-11-29T19:53:45+00:00","breadcrumb":{"@id":"https:\/\/www.inmadelvalle.com\/en\/shop\/#breadcrumb"},"inLanguage":"en-US","potentialAction":[{"@type":"ReadAction","target":["https:\/\/www.inmadelvalle.com\/en\/shop\/"]}]},{"@type":"ImageObject","inLanguage":"en-US","@id":"https:\/\/www.inmadelvalle.com\/en\/shop\/#primaryimage","url":"https:\/\/www.inmadelvalle.com\/wp-content\/uploads\/2025\/12\/packs-para-pedidas-de-mano-en-mallorca-39.webp","contentUrl":"https:\/\/www.inmadelvalle.com\/wp-content\/uploads\/2025\/12\/packs-para-pedidas-de-mano-en-mallorca-39.webp","width":1181,"height":787,"caption":"la pareja disfruta del paisaje tras la propuesta de matrimonio"},{"@type":"BreadcrumbList","@id":"https:\/\/www.inmadelvalle.com\/en\/shop\/#breadcrumb","itemListElement":[{"@type":"ListItem","position":1,"name":"Portada","item":"https:\/\/www.inmadelvalle.com\/en\/"},{"@type":"ListItem","position":2,"name":"Shop"}]},{"@type":"WebSite","@id":"https:\/\/www.inmadelvalle.com\/en\/#website","url":"https:\/\/www.inmadelvalle.com\/en\/","name":"[English] Photographers Mallorca | Inma del Valle | Wedding photographers Mallorca","description":"[English] Fot\u00f3grafo en Mallorca | Inma del Valle | Fot\u00f3grafos de bodas en Mallorca | Ten un recuerdo original y elegante del d\u00eda de tu boda. Wedding photographer.","publisher":{"@id":"https:\/\/www.inmadelvalle.com\/en\/#organization"},"potentialAction":[{"@type":"SearchAction","target":{"@type":"EntryPoint","urlTemplate":"https:\/\/www.inmadelvalle.com\/en\/?s={search_term_string}"},"query-input":{"@type":"PropertyValueSpecification","valueRequired":true,"valueName":"search_term_string"}}],"inLanguage":"en-US"},{"@type":"Organization","@id":"https:\/\/www.inmadelvalle.com\/en\/#organization","name":"Inma del Valle fotograf\u00eda","url":"https:\/\/www.inmadelvalle.com\/en\/","logo":{"@type":"ImageObject","inLanguage":"en-US","@id":"https:\/\/www.inmadelvalle.com\/en\/#\/schema\/logo\/image\/","url":"https:\/\/www.inmadelvalle.com\/wp-content\/uploads\/2018\/11\/foto\u0301grafo-en-mallorca-logo.png","contentUrl":"https:\/\/www.inmadelvalle.com\/wp-content\/uploads\/2018\/11\/foto\u0301grafo-en-mallorca-logo.png","width":486,"height":408,"caption":"Inma del Valle fotograf\u00eda"},"image":{"@id":"https:\/\/www.inmadelvalle.com\/en\/#\/schema\/logo\/image\/"},"sameAs":["https:\/\/es-la.facebook.com\/InmadelValle","https:\/\/x.com\/Emibel1984","https:\/\/www.instagram.com\/inmadelvallephotography\/","https:\/\/www.linkedin.com\/in\/inmadelvalle\/","https:\/\/www.pinterest.es\/inmadelvalle\/"],"description":"Destination wedding photographer based in Mallorca, specializing in luxury and intimate weddings across Mallorca, Ibiza, Italy and Mexico. Known for a natural, editorial and emotion driven approach, offering a personalized experience for couples from all over the world.","email":"infoinmadelvalle@gmail.com","telephone":"+34616866588","legalName":"Inma del Valle fotograf\u00eda"}]}},"_links":{"self":[{"href":"https:\/\/www.inmadelvalle.com\/en\/wp-json\/wp\/v2\/pages\/13186","targetHints":{"allow":["GET"]}}],"collection":[{"href":"https:\/\/www.inmadelvalle.com\/en\/wp-json\/wp\/v2\/pages"}],"about":[{"href":"https:\/\/www.inmadelvalle.com\/en\/wp-json\/wp\/v2\/types\/page"}],"author":[{"embeddable":true,"href":"https:\/\/www.inmadelvalle.com\/en\/wp-json\/wp\/v2\/users\/1"}],"replies":[{"embeddable":true,"href":"https:\/\/www.inmadelvalle.com\/en\/wp-json\/wp\/v2\/comments?post=13186"}],"version-history":[{"count":0,"href":"https:\/\/www.inmadelvalle.com\/en\/wp-json\/wp\/v2\/pages\/13186\/revisions"}],"wp:featuredmedia":[{"embeddable":true,"href":"https:\/\/www.inmadelvalle.com\/en\/wp-json\/wp\/v2\/media\/57463"}],"wp:attachment":[{"href":"https:\/\/www.inmadelvalle.com\/en\/wp-json\/wp\/v2\/media?parent=13186"}],"wp:term":[{"taxonomy":"category","embeddable":true,"href":"https:\/\/www.inmadelvalle.com\/en\/wp-json\/wp\/v2\/categories?post=13186"},{"taxonomy":"post_tag","embeddable":true,"href":"https:\/\/www.inmadelvalle.com\/en\/wp-json\/wp\/v2\/tags?post=13186"}],"curies":[{"name":"wp","href":"https:\/\/api.w.org\/{rel}","templated":true}]}}