{"id":2343,"date":"2018-03-21T19:44:29","date_gmt":"2018-03-21T19:44:29","guid":{"rendered":"https:\/\/www.inmadelvalle.com\/?page_id=2343"},"modified":"2018-11-05T13:35:35","modified_gmt":"2018-11-05T13:35:35","slug":"wedding-films-mallorca","status":"publish","type":"page","link":"https:\/\/www.inmadelvalle.com\/en\/wedding-films-mallorca\/","title":{"rendered":"Wedding films Mallorca"},"content":{"rendered":"<div id=\"x_divtagdefaultwrapper\" dir=\"ltr\">\n<div>Wedding films Mallorca<\/div>\n<div><\/div>\n<div>Music video with memories of Teresa and Antoine&#8217;s wedding<\/div>\n<\/div>\n<div><a href=\"https:\/\/www.inmadelvalle.com\/en\"><img fetchpriority=\"high\" decoding=\"async\" class=\"alignnone wp-image-622 size-full\" src=\"https:\/\/www.inmadelvalle.com\/wp-content\/uploads\/2017\/07\/fotografo-bodas-mallorca-82.jpg\" alt=\"&quot;ALT&quot;Wedding films Mallorca&quot;\" width=\"850\" height=\"587\" data-id=\"622\" srcset=\"https:\/\/www.inmadelvalle.com\/wp-content\/uploads\/2017\/07\/fotografo-bodas-mallorca-82.jpg 850w, https:\/\/www.inmadelvalle.com\/wp-content\/uploads\/2017\/07\/fotografo-bodas-mallorca-82-600x414.jpg 600w, https:\/\/www.inmadelvalle.com\/wp-content\/uploads\/2017\/07\/fotografo-bodas-mallorca-82-300x207.jpg 300w, https:\/\/www.inmadelvalle.com\/wp-content\/uploads\/2017\/07\/fotografo-bodas-mallorca-82-768x530.jpg 768w, https:\/\/www.inmadelvalle.com\/wp-content\/uploads\/2017\/07\/fotografo-bodas-mallorca-82-585x404.jpg 585w\" sizes=\"(max-width: 850px) 100vw, 850px\" \/><\/a><\/div>\n<div id=\"x_divtagdefaultwrapper\" dir=\"ltr\">\n<div><span style=\"color: #888888; font-size: 16px;\">On May 21st I had the shooting of Teresa and Antoine&#8217;s wedding, it was for me one of the best weddings I have ever photographed.<\/span><\/div>\n<div><\/div>\n<div><a href=\"https:\/\/vimeo.com\/173622228\">https:\/\/vimeo.com\/173622228<\/a><\/div>\n<\/div>\n<div><\/div>\n<div id=\"x_divtagdefaultwrapper\" dir=\"ltr\">\n<div id=\"x_divtagdefaultwrapper\" dir=\"ltr\">\n<div>Without a doubt, in this wedding there was pure love,the one that you see will last a lifetime and makes you believe in love.<\/div>\n<div><\/div>\n<\/div>\n<div id=\"x_divtagdefaultwrapper\" dir=\"ltr\">\n<div>Teresa and Antoine were the protagonists. a really beautiful woman and a man with a lot of style.<\/div>\n<div><\/div>\n<\/div>\n<div id=\"x_divtagdefaultwrapper\" dir=\"ltr\">\n<div>We started the wedding at 10 in the morning at the door of the Santa Eulalia church, this was not a traditional wedding where one goes to take pictures on the groom&#8217;s house&#8230;.<\/div>\n<div><\/div>\n<div>Previously, this imaginative man had the great idea of having his pictures taken with his brothers having a drink.<\/div>\n<div>(A good glass of whiskey and a cigar just arrived from Havana).<\/div>\n<div><\/div>\n<\/div>\n<div id=\"x_divtagdefaultwrapper\" dir=\"ltr\">\n<div>Especially, the bride looked really beautiful, like a fairy princess. This was made possible by the wonderful hands of hairdresser and make-up artist Carlos Martin.<\/div>\n<div><\/div>\n<\/div>\n<div id=\"x_divtagdefaultwrapper\" dir=\"ltr\">\n<div>The elegant bride&#8217;s dress was made by Marylise and the groom&#8217;s suit from the John Bond firm, bride&#8217;s shoes by Bibi Lou shoes and groom&#8217;s Carmina Shoemaker.<\/div>\n<div><\/div>\n<div>The decoration and lighting was done by Imatge i Events, they created a really magical atmosphere! Everything was very fluid, to work with these Wedding planners is wonderful.<\/div>\n<div><\/div>\n<div>The celebration took place in the Church of Santa Eulalia and then we went to take photos to the Ses Rotes villa &#8220;Las Esencias&#8221;, where the banquet took place. Undoubtedly a beautiful place, where Imatge i Events worked their creativity in the decoration.<\/div>\n<div><\/div>\n<div>The welcome cocktail included Cervezas Virtus and the delicious wine from the Carmelo Rodero winery.<\/div>\n<div>Alberto Francia was in charge of the flowers, it was a beautiful bouquet with great style.<\/div>\n<div><\/div>\n<div>On the other hand, the catering was in charge of the exquisite and refined Sumum Gourmet Catering.<\/div>\n<div>Afterwards, at midnight, the violinist de la rue surprised us, a wonderful moment.<\/div>\n<div><\/div>\n<div>Without a doubt, an unrepeatable wedding full of emotion that has allowed me to take some very special photographs.<\/div>\n<div><\/div>\n<div>In essence,in this video with photos of Teresa and Antoine&#8217;s wedding. You can see a summary of all the love that was breathed in this wedding.<\/div>\n<div><\/div>\n<div>Thanks to Something new, something borrowed and something blue that have published this report.<\/div>\n<\/div>\n<div id=\"x_divtagdefaultwrapper\" dir=\"ltr\">\n<div>Wedding photographer in Mallorca &#8211; Inma del Valle<\/div>\n<div><\/div>\n<\/div>\n<h2>Wedding films Mallorca<\/h2>\n<\/div>\n","protected":false},"excerpt":{"rendered":"<p>Wedding films Mallorca Music video with memories of Teresa and Antoine&#8217;s wedding On May 21st I had the shooting of&hellip;<\/p>\n","protected":false},"author":1,"featured_media":620,"parent":0,"menu_order":29,"comment_status":"closed","ping_status":"closed","template":"","meta":{"_acf_changed":false,"_lmt_disableupdate":"","_lmt_disable":"","footnotes":""},"categories":[1406,1419],"tags":[],"class_list":["post-2343","page","type-page","status-publish","has-post-thumbnail","hentry","category-services","category-video-mallorca-en"],"acf":[],"yoast_head":"<!-- This site is optimized with the Yoast SEO Premium plugin v27.4 (Yoast SEO v27.4) - https:\/\/yoast.com\/product\/yoast-seo-premium-wordpress\/ -->\n<title>Wedding films Mallorca, have an original souvenir of your wedding day.<\/title>\n<meta name=\"description\" content=\"Wedding films Mallorca, have an original souvenir of your wedding day. Inma del Valle photographer. Wedding Videos Mallorca\" \/>\n<meta name=\"robots\" content=\"index, follow, max-snippet:-1, max-image-preview:large, max-video-preview:-1\" \/>\n<link rel=\"canonical\" href=\"https:\/\/www.inmadelvalle.com\/en\/wedding-films-mallorca\/\" \/>\n<meta property=\"og:locale\" content=\"en_US\" \/>\n<meta property=\"og:type\" content=\"article\" \/>\n<meta property=\"og:title\" content=\"Wedding films Mallorca\" \/>\n<meta property=\"og:description\" content=\"Wedding films Mallorca, have an original souvenir of your wedding day. Inma del Valle photographer. Wedding Videos Mallorca\" \/>\n<meta property=\"og:url\" content=\"https:\/\/www.inmadelvalle.com\/en\/wedding-films-mallorca\/\" \/>\n<meta property=\"og:site_name\" content=\"[English] Photographers Mallorca | Inma del Valle | Wedding photographers Mallorca\" \/>\n<meta property=\"article:publisher\" content=\"https:\/\/es-la.facebook.com\/InmadelValle\" \/>\n<meta property=\"article:modified_time\" content=\"2018-11-05T13:35:35+00:00\" \/>\n<meta property=\"og:image\" content=\"https:\/\/www.inmadelvalle.com\/wp-content\/uploads\/2017\/07\/fotografo-bodas-mallorca-79.jpg\" \/>\n\t<meta property=\"og:image:width\" content=\"1280\" \/>\n\t<meta property=\"og:image:height\" content=\"925\" \/>\n\t<meta property=\"og:image:type\" content=\"image\/jpeg\" \/>\n<meta name=\"twitter:card\" content=\"summary_large_image\" \/>\n<meta name=\"twitter:site\" content=\"@Emibel1984\" \/>\n<meta name=\"twitter:label1\" content=\"Est. reading time\" \/>\n\t<meta name=\"twitter:data1\" content=\"2 minutes\" \/>\n<script type=\"application\/ld+json\" class=\"yoast-schema-graph\">{\"@context\":\"https:\\\/\\\/schema.org\",\"@graph\":[{\"@type\":\"WebPage\",\"@id\":\"https:\\\/\\\/www.inmadelvalle.com\\\/en\\\/wedding-films-mallorca\\\/\",\"url\":\"https:\\\/\\\/www.inmadelvalle.com\\\/en\\\/wedding-films-mallorca\\\/\",\"name\":\"Wedding films Mallorca, have an original souvenir of your wedding day.\",\"isPartOf\":{\"@id\":\"https:\\\/\\\/www.inmadelvalle.com\\\/en\\\/#website\"},\"primaryImageOfPage\":{\"@id\":\"https:\\\/\\\/www.inmadelvalle.com\\\/en\\\/wedding-films-mallorca\\\/#primaryimage\"},\"image\":{\"@id\":\"https:\\\/\\\/www.inmadelvalle.com\\\/en\\\/wedding-films-mallorca\\\/#primaryimage\"},\"thumbnailUrl\":\"https:\\\/\\\/www.inmadelvalle.com\\\/wp-content\\\/uploads\\\/2017\\\/07\\\/fotografo-bodas-mallorca-79.jpg\",\"datePublished\":\"2018-03-21T19:44:29+00:00\",\"dateModified\":\"2018-11-05T13:35:35+00:00\",\"description\":\"Wedding films Mallorca, have an original souvenir of your wedding day. Inma del Valle photographer. Wedding Videos Mallorca\",\"breadcrumb\":{\"@id\":\"https:\\\/\\\/www.inmadelvalle.com\\\/en\\\/wedding-films-mallorca\\\/#breadcrumb\"},\"inLanguage\":\"en-US\",\"potentialAction\":[{\"@type\":\"ReadAction\",\"target\":[\"https:\\\/\\\/www.inmadelvalle.com\\\/en\\\/wedding-films-mallorca\\\/\"]}]},{\"@type\":\"ImageObject\",\"inLanguage\":\"en-US\",\"@id\":\"https:\\\/\\\/www.inmadelvalle.com\\\/en\\\/wedding-films-mallorca\\\/#primaryimage\",\"url\":\"https:\\\/\\\/www.inmadelvalle.com\\\/wp-content\\\/uploads\\\/2017\\\/07\\\/fotografo-bodas-mallorca-79.jpg\",\"contentUrl\":\"https:\\\/\\\/www.inmadelvalle.com\\\/wp-content\\\/uploads\\\/2017\\\/07\\\/fotografo-bodas-mallorca-79.jpg\",\"width\":1280,\"height\":925,\"caption\":\"Wedding films Mallorca Inma del Valle\"},{\"@type\":\"BreadcrumbList\",\"@id\":\"https:\\\/\\\/www.inmadelvalle.com\\\/en\\\/wedding-films-mallorca\\\/#breadcrumb\",\"itemListElement\":[{\"@type\":\"ListItem\",\"position\":1,\"name\":\"Portada\",\"item\":\"https:\\\/\\\/www.inmadelvalle.com\\\/en\\\/\"},{\"@type\":\"ListItem\",\"position\":2,\"name\":\"Wedding films Mallorca\"}]},{\"@type\":\"WebSite\",\"@id\":\"https:\\\/\\\/www.inmadelvalle.com\\\/en\\\/#website\",\"url\":\"https:\\\/\\\/www.inmadelvalle.com\\\/en\\\/\",\"name\":\"[English] Photographers Mallorca | Inma del Valle | Wedding photographers Mallorca\",\"description\":\"[English] Fot\u00f3grafo en Mallorca | Inma del Valle | Fot\u00f3grafos de bodas en Mallorca | Ten un recuerdo original y elegante del d\u00eda de tu boda. Wedding photographer.\",\"publisher\":{\"@id\":\"https:\\\/\\\/www.inmadelvalle.com\\\/en\\\/#organization\"},\"potentialAction\":[{\"@type\":\"SearchAction\",\"target\":{\"@type\":\"EntryPoint\",\"urlTemplate\":\"https:\\\/\\\/www.inmadelvalle.com\\\/en\\\/?s={search_term_string}\"},\"query-input\":{\"@type\":\"PropertyValueSpecification\",\"valueRequired\":true,\"valueName\":\"search_term_string\"}}],\"inLanguage\":\"en-US\"},{\"@type\":\"Organization\",\"@id\":\"https:\\\/\\\/www.inmadelvalle.com\\\/en\\\/#organization\",\"name\":\"Inma del Valle fotograf\u00eda\",\"url\":\"https:\\\/\\\/www.inmadelvalle.com\\\/en\\\/\",\"logo\":{\"@type\":\"ImageObject\",\"inLanguage\":\"en-US\",\"@id\":\"https:\\\/\\\/www.inmadelvalle.com\\\/en\\\/#\\\/schema\\\/logo\\\/image\\\/\",\"url\":\"https:\\\/\\\/www.inmadelvalle.com\\\/wp-content\\\/uploads\\\/2018\\\/11\\\/foto\u0301grafo-en-mallorca-logo.png\",\"contentUrl\":\"https:\\\/\\\/www.inmadelvalle.com\\\/wp-content\\\/uploads\\\/2018\\\/11\\\/foto\u0301grafo-en-mallorca-logo.png\",\"width\":486,\"height\":408,\"caption\":\"Inma del Valle fotograf\u00eda\"},\"image\":{\"@id\":\"https:\\\/\\\/www.inmadelvalle.com\\\/en\\\/#\\\/schema\\\/logo\\\/image\\\/\"},\"sameAs\":[\"https:\\\/\\\/es-la.facebook.com\\\/InmadelValle\",\"https:\\\/\\\/x.com\\\/Emibel1984\",\"https:\\\/\\\/www.instagram.com\\\/inmadelvallephotography\\\/\",\"https:\\\/\\\/www.linkedin.com\\\/in\\\/inmadelvalle\\\/\",\"https:\\\/\\\/www.pinterest.es\\\/inmadelvalle\\\/\"],\"description\":\"Destination wedding photographer based in Mallorca, specializing in luxury and intimate weddings across Mallorca, Ibiza, Italy and Mexico. Known for a natural, editorial and emotion driven approach, offering a personalized experience for couples from all over the world.\",\"email\":\"infoinmadelvalle@gmail.com\",\"telephone\":\"+34616866588\",\"legalName\":\"Inma del Valle fotograf\u00eda\"}]}<\/script>\n<!-- \/ Yoast SEO Premium plugin. -->","yoast_head_json":{"title":"Wedding films Mallorca, have an original souvenir of your wedding day.","description":"Wedding films Mallorca, have an original souvenir of your wedding day. Inma del Valle photographer. Wedding Videos Mallorca","robots":{"index":"index","follow":"follow","max-snippet":"max-snippet:-1","max-image-preview":"max-image-preview:large","max-video-preview":"max-video-preview:-1"},"canonical":"https:\/\/www.inmadelvalle.com\/en\/wedding-films-mallorca\/","og_locale":"en_US","og_type":"article","og_title":"Wedding films Mallorca","og_description":"Wedding films Mallorca, have an original souvenir of your wedding day. Inma del Valle photographer. Wedding Videos Mallorca","og_url":"https:\/\/www.inmadelvalle.com\/en\/wedding-films-mallorca\/","og_site_name":"[English] Photographers Mallorca | Inma del Valle | Wedding photographers Mallorca","article_publisher":"https:\/\/es-la.facebook.com\/InmadelValle","article_modified_time":"2018-11-05T13:35:35+00:00","og_image":[{"width":1280,"height":925,"url":"https:\/\/www.inmadelvalle.com\/wp-content\/uploads\/2017\/07\/fotografo-bodas-mallorca-79.jpg","type":"image\/jpeg"}],"twitter_card":"summary_large_image","twitter_site":"@Emibel1984","twitter_misc":{"Est. reading time":"2 minutes"},"schema":{"@context":"https:\/\/schema.org","@graph":[{"@type":"WebPage","@id":"https:\/\/www.inmadelvalle.com\/en\/wedding-films-mallorca\/","url":"https:\/\/www.inmadelvalle.com\/en\/wedding-films-mallorca\/","name":"Wedding films Mallorca, have an original souvenir of your wedding day.","isPartOf":{"@id":"https:\/\/www.inmadelvalle.com\/en\/#website"},"primaryImageOfPage":{"@id":"https:\/\/www.inmadelvalle.com\/en\/wedding-films-mallorca\/#primaryimage"},"image":{"@id":"https:\/\/www.inmadelvalle.com\/en\/wedding-films-mallorca\/#primaryimage"},"thumbnailUrl":"https:\/\/www.inmadelvalle.com\/wp-content\/uploads\/2017\/07\/fotografo-bodas-mallorca-79.jpg","datePublished":"2018-03-21T19:44:29+00:00","dateModified":"2018-11-05T13:35:35+00:00","description":"Wedding films Mallorca, have an original souvenir of your wedding day. Inma del Valle photographer. Wedding Videos Mallorca","breadcrumb":{"@id":"https:\/\/www.inmadelvalle.com\/en\/wedding-films-mallorca\/#breadcrumb"},"inLanguage":"en-US","potentialAction":[{"@type":"ReadAction","target":["https:\/\/www.inmadelvalle.com\/en\/wedding-films-mallorca\/"]}]},{"@type":"ImageObject","inLanguage":"en-US","@id":"https:\/\/www.inmadelvalle.com\/en\/wedding-films-mallorca\/#primaryimage","url":"https:\/\/www.inmadelvalle.com\/wp-content\/uploads\/2017\/07\/fotografo-bodas-mallorca-79.jpg","contentUrl":"https:\/\/www.inmadelvalle.com\/wp-content\/uploads\/2017\/07\/fotografo-bodas-mallorca-79.jpg","width":1280,"height":925,"caption":"Wedding films Mallorca Inma del Valle"},{"@type":"BreadcrumbList","@id":"https:\/\/www.inmadelvalle.com\/en\/wedding-films-mallorca\/#breadcrumb","itemListElement":[{"@type":"ListItem","position":1,"name":"Portada","item":"https:\/\/www.inmadelvalle.com\/en\/"},{"@type":"ListItem","position":2,"name":"Wedding films Mallorca"}]},{"@type":"WebSite","@id":"https:\/\/www.inmadelvalle.com\/en\/#website","url":"https:\/\/www.inmadelvalle.com\/en\/","name":"[English] Photographers Mallorca | Inma del Valle | Wedding photographers Mallorca","description":"[English] Fot\u00f3grafo en Mallorca | Inma del Valle | Fot\u00f3grafos de bodas en Mallorca | Ten un recuerdo original y elegante del d\u00eda de tu boda. Wedding photographer.","publisher":{"@id":"https:\/\/www.inmadelvalle.com\/en\/#organization"},"potentialAction":[{"@type":"SearchAction","target":{"@type":"EntryPoint","urlTemplate":"https:\/\/www.inmadelvalle.com\/en\/?s={search_term_string}"},"query-input":{"@type":"PropertyValueSpecification","valueRequired":true,"valueName":"search_term_string"}}],"inLanguage":"en-US"},{"@type":"Organization","@id":"https:\/\/www.inmadelvalle.com\/en\/#organization","name":"Inma del Valle fotograf\u00eda","url":"https:\/\/www.inmadelvalle.com\/en\/","logo":{"@type":"ImageObject","inLanguage":"en-US","@id":"https:\/\/www.inmadelvalle.com\/en\/#\/schema\/logo\/image\/","url":"https:\/\/www.inmadelvalle.com\/wp-content\/uploads\/2018\/11\/foto\u0301grafo-en-mallorca-logo.png","contentUrl":"https:\/\/www.inmadelvalle.com\/wp-content\/uploads\/2018\/11\/foto\u0301grafo-en-mallorca-logo.png","width":486,"height":408,"caption":"Inma del Valle fotograf\u00eda"},"image":{"@id":"https:\/\/www.inmadelvalle.com\/en\/#\/schema\/logo\/image\/"},"sameAs":["https:\/\/es-la.facebook.com\/InmadelValle","https:\/\/x.com\/Emibel1984","https:\/\/www.instagram.com\/inmadelvallephotography\/","https:\/\/www.linkedin.com\/in\/inmadelvalle\/","https:\/\/www.pinterest.es\/inmadelvalle\/"],"description":"Destination wedding photographer based in Mallorca, specializing in luxury and intimate weddings across Mallorca, Ibiza, Italy and Mexico. Known for a natural, editorial and emotion driven approach, offering a personalized experience for couples from all over the world.","email":"infoinmadelvalle@gmail.com","telephone":"+34616866588","legalName":"Inma del Valle fotograf\u00eda"}]}},"_links":{"self":[{"href":"https:\/\/www.inmadelvalle.com\/en\/wp-json\/wp\/v2\/pages\/2343","targetHints":{"allow":["GET"]}}],"collection":[{"href":"https:\/\/www.inmadelvalle.com\/en\/wp-json\/wp\/v2\/pages"}],"about":[{"href":"https:\/\/www.inmadelvalle.com\/en\/wp-json\/wp\/v2\/types\/page"}],"author":[{"embeddable":true,"href":"https:\/\/www.inmadelvalle.com\/en\/wp-json\/wp\/v2\/users\/1"}],"replies":[{"embeddable":true,"href":"https:\/\/www.inmadelvalle.com\/en\/wp-json\/wp\/v2\/comments?post=2343"}],"version-history":[{"count":0,"href":"https:\/\/www.inmadelvalle.com\/en\/wp-json\/wp\/v2\/pages\/2343\/revisions"}],"wp:featuredmedia":[{"embeddable":true,"href":"https:\/\/www.inmadelvalle.com\/en\/wp-json\/wp\/v2\/media\/620"}],"wp:attachment":[{"href":"https:\/\/www.inmadelvalle.com\/en\/wp-json\/wp\/v2\/media?parent=2343"}],"wp:term":[{"taxonomy":"category","embeddable":true,"href":"https:\/\/www.inmadelvalle.com\/en\/wp-json\/wp\/v2\/categories?post=2343"},{"taxonomy":"post_tag","embeddable":true,"href":"https:\/\/www.inmadelvalle.com\/en\/wp-json\/wp\/v2\/tags?post=2343"}],"curies":[{"name":"wp","href":"https:\/\/api.w.org\/{rel}","templated":true}]}}