{"id":3559,"date":"2018-07-19T14:12:20","date_gmt":"2018-07-19T14:12:20","guid":{"rendered":"https:\/\/www.inmadelvalle.com\/?page_id=3559"},"modified":"2025-05-07T00:46:03","modified_gmt":"2025-05-06T22:46:03","slug":"privacy-policy","status":"publish","type":"page","link":"https:\/\/www.inmadelvalle.com\/en\/privacy-policy\/","title":{"rendered":"Read our legal notice"},"content":{"rendered":"<p>Privacy Policy<\/p>\n<p class=\"p1\"><b>Legal Notice<\/b><\/p>\n<p class=\"p4\">This legal notice (hereinafter, the &#8220;Legal Notice&#8221;) regulates the use of the Internet portal service www.inmadelvalle.com (hereinafter, the &#8220;Website&#8221;) of INMA DEL VALLE FOTOGRAF\u00cdA with registered office at C\/ JOAN BAUZ\u00c1 34, 1\u00ba B, PALMA DE MALLORCA, 07004, BALEARIC ISLANDS with Tax ID 71449455R.<\/p>\n<p class=\"p5\"><b>Legislation<\/b><\/p>\n<p class=\"p4\">In general, the relationships between INMA DEL VALLE FOTOGRAF\u00cdA and the Users of its telematic services, present on the website, are subject to Spanish legislation and jurisdiction.<\/p>\n<p class=\"p4\">The parties expressly waive any jurisdiction that may correspond to them and expressly submit to the Courts and Tribunals of PALMA DE MALLORCA to resolve any controversy that may arise in the interpretation or execution of these contractual conditions.<\/p>\n<p class=\"p5\"><b>Content and Use<\/b><\/p>\n<p class=\"p4\">The User is informed, and accepts, that access to this website does not imply, in any way, the start of a commercial relationship with INMA DEL VALLE FOTOGRAF\u00cdA.<\/p>\n<p class=\"p4\">The website owner does not identify with the opinions expressed therein by its collaborators. The Company reserves the right to make changes without prior notice that it deems appropriate on its Website, and may change, remove or add both the contents and services provided through it, as well as the way in which these appear presented or located on its servers. <\/p>\n<p class=\"p5\"><b>Intellectual and Industrial Property<\/b><\/p>\n<p class=\"p4\">The intellectual property rights of the content of the web pages, their graphic design and codes are owned by INMA DEL VALLE FOTOGRAF\u00cdA and, therefore, their reproduction, distribution, public communication, transformation or any other activity that can be carried out with the contents of its web pages is prohibited, even citing the sources, except with the written consent of INMA DEL VALLE FOTOGRAF\u00cdA. All trade names, trademarks or distinctive signs of any kind contained in the Company&#8217;s web pages are the property of their owners and are protected by law.<\/p>\n<p class=\"p5\"><b>Links<\/b><\/p>\n<p class=\"p4\">The presence of links on INMA DEL VALLE FOTOGRAF\u00cdA&#8217;s web pages is for informational purposes only and in no case implies a suggestion, invitation or recommendation about them.<\/p>\n<p class=\"p5\"><b>Confidentiality and Data Protection<\/b><\/p>\n<p class=\"p4\">For the purposes of the provisions in the GDPR of April 27, 2016, INMA DEL VALLE FOTOGRAF\u00cdA informs the User of the existence of an automated processing of personal data created by and for INMA DEL VALLE FOTOGRAF\u00cdA and under its responsibility, with the purpose of maintaining and managing the relationship with the User, as well as information tasks. At the time of acceptance of these general conditions, INMA DEL VALLE FOTOGRAF\u00cdA will require from the User the collection of essential data for the provision of its services. <\/p>\n<p class=\"p5\"><b>Registration of files and forms<\/b><\/p>\n<p class=\"p4\">Completing the registration form is mandatory to access and enjoy certain services offered on the website. Failure to provide the requested personal data or not accepting this data protection policy implies the impossibility of subscribing, registering or participating in any of the promotions in which personal data is requested. <\/p>\n<p class=\"p4\">For the purposes of the provisions in the GDPR of April 27, 2016, we inform you that the personal data obtained as a result of your registration as a User will be incorporated into a file owned by INMA DEL VALLE FOTOGRAF\u00cdA with Tax ID 71449455R and address at C\/ JOAN BAUZ\u00c1 34, 1\u00ba B, PALMA DE MALLORCA, 07004, BALEARIC ISLANDS, having implemented the security measures established in Royal Decree 1720\/2007, of June 11.<\/p>\n<p class=\"p5\"><b>Accuracy and truthfulness of the data provided<\/b><\/p>\n<p class=\"p4\">The User is solely responsible for the truthfulness and correctness of the data included, exonerating INMA DEL VALLE FOTOGRAF\u00cdA from any responsibility in this regard. Users guarantee and are responsible, in any case, for the accuracy, validity and authenticity of the personal data provided, and undertake to keep them duly updated. The user agrees to provide complete and correct information in the registration or subscription form. INMA DEL VALLE FOTOGRAF\u00cdA is not responsible for the truthfulness of information that is not of its own elaboration and for which another source is indicated, therefore it does not assume any responsibility for hypothetical damages that may arise from the use of such information.   <span class=\"Apple-converted-space\">  <\/span>INMA DEL VALLE FOTOGRAF\u00cdA reserves the right to update, modify or delete the information contained in its web pages and may even limit or not allow access to said information. INMA DEL VALLE FOTOGRAF\u00cdA is exonerated from responsibility for any damage or harm that the User may suffer as a consequence of errors, defects or omissions in the information provided by INMA DEL VALLE FOTOGRAF\u00cdA as long as it comes from sources external to INMA DEL VALLE FOTOGRAF\u00cdA<span class=\"s1\">.<\/span> <\/p>\n<p class=\"p5\"><b>Cookies<\/b><\/p>\n<p class=\"p4\">The site www.inmadelvalle.com does not use cookies, considering such physical information files hosted on the user&#8217;s own terminal and serve to facilitate the user&#8217;s navigation through the portal. In any case, the user has the possibility to configure the browser in such a way that it prevents the installation of these files. <\/p>\n<p class=\"p5\"><b>Purposes<\/b><\/p>\n<p class=\"p4\">The purposes of [NOMBRE_EMPRESA] are the maintenance and management of the relationship with the User, as well as information tasks.<\/p>\n<p class=\"p5\"><b>Minors<\/b><\/p>\n<p class=\"p4\">In the event that some of our services are specifically aimed at minors, INMA DEL VALLE FOTOGRAF\u00cdA will request the consent of parents or guardians for the collection of personal data or, where appropriate, for the automated processing of data.<\/p>\n<p class=\"p5\"><b>Transfer of Data to Third Parties<\/b><\/p>\n<p class=\"p4\">INMA DEL VALLE FOTOGRAF\u00cdA will not transfer user data to third parties.<\/p>\n<p class=\"p5\"><b>Exercise of Rights of Access, Rectification, Cancellation and Opposition<\/b><\/p>\n<p class=\"p4\">You may direct your communications and exercise your rights of access, rectification, deletion, limitation, portability, and opposition on the Internet at www.inmadelvalle.com or by regular mail addressed to INMA DEL VALLE FOTOGRAF\u00cdA, Ref. RGPD, at C\/ JOAN BAUZ\u00c1 34, 1\u00ba B, PALMA DE MALLORCA, 07004, ISLAS BALEARES. To exercise these rights, it is necessary for you to prove your identity to INMA DEL VALLE FOTOGRAF\u00cdA by sending a photocopy of your National Identity Document or any other valid means in Law. However, the modification or rectification of your registration data can be done on the Site itself by first identifying yourself with your username and password.   <\/p>\n<p class=\"p5\"><b>Security Measures<\/b><\/p>\n<p class=\"p4\">INMA DEL VALLE FOTOGRAF\u00cdA <span class=\"Apple-converted-space\">  <\/span>has adopted the legally required levels of security for the protection of Personal Data, and strives to install other additional technical means and measures within its reach to prevent the loss, misuse, alteration, unauthorized access, and theft of Personal Data provided to INMA DEL VALLE FOTOGRAF\u00cdA. INMA DEL VALLE FOTOGRAF\u00cdA will not be responsible for possible damages or losses that may result from interference, omissions, interruptions, computer viruses, telephone failures, or disconnections in the operational functioning of this electronic system, caused by reasons beyond INMA DEL VALLE FOTOGRAF\u00cdA&#8217;s control; delays or blockages in the use of this electronic system caused by deficiencies or overloads of telephone lines or overloads in the Data Processing Center, in the Internet system or in other electronic systems, as well as damages that may be caused by third parties through illegitimate intrusions outside the control of INMA DEL VALLE FOTOGRAF\u00cdA. Nevertheless, the User must be aware that security measures on the Internet are not impregnable. <\/p>\n<p class=\"p5\"><b>Acceptance and Consent<\/b><\/p>\n<p class=\"p4\">The user declares to have been informed of the conditions regarding personal data protection, accepting and consenting to the automated processing of such data by INMA DEL VALLE FOTOGRAF\u00cdA, in the manner and for the purposes indicated in this Personal Data Protection Policy. Certain services provided on the Portal may contain particular conditions with specific provisions regarding Personal Data protection. <\/p>\n","protected":false},"excerpt":{"rendered":"<p>Privacy Policy Legal Notice This legal notice (hereinafter, the &#8220;Legal Notice&#8221;) regulates the use of the Internet portal service www.inmadelvalle.com&hellip;<\/p>\n","protected":false},"author":1,"featured_media":0,"parent":0,"menu_order":4,"comment_status":"closed","ping_status":"closed","template":"","meta":{"_acf_changed":false,"_lmt_disableupdate":"","_lmt_disable":"","footnotes":""},"categories":[2303],"tags":[],"class_list":["post-3559","page","type-page","status-publish","hentry","category-contact-photographer-in-mallorca"],"acf":[],"yoast_head":"<!-- This site is optimized with the Yoast SEO Premium plugin v27.4 (Yoast SEO v27.4) - https:\/\/yoast.com\/product\/yoast-seo-premium-wordpress\/ -->\n<title>Read our legal notice<\/title>\n<meta name=\"description\" content=\"Inma del valle photography, wedding photographer in Mallorca, Balearic Islands. Luxury, elegance and emotion. hochzeiten auf mallorca.\" \/>\n<meta name=\"robots\" content=\"index, follow, max-snippet:-1, max-image-preview:large, max-video-preview:-1\" \/>\n<link rel=\"canonical\" href=\"https:\/\/www.inmadelvalle.com\/en\/privacy-policy\/\" \/>\n<meta property=\"og:locale\" content=\"en_US\" \/>\n<meta property=\"og:type\" content=\"article\" \/>\n<meta property=\"og:title\" content=\"Read our legal notice\" \/>\n<meta property=\"og:description\" content=\"Inma del valle photography, wedding photographer in Mallorca, Balearic Islands. Luxury, elegance and emotion. hochzeiten auf mallorca.\" \/>\n<meta property=\"og:url\" content=\"https:\/\/www.inmadelvalle.com\/en\/privacy-policy\/\" \/>\n<meta property=\"og:site_name\" content=\"[English] Photographers Mallorca | Inma del Valle | Wedding photographers Mallorca\" \/>\n<meta property=\"article:publisher\" content=\"https:\/\/es-la.facebook.com\/InmadelValle\" \/>\n<meta property=\"article:modified_time\" content=\"2025-05-06T22:46:03+00:00\" \/>\n<meta property=\"og:image\" content=\"https:\/\/www.inmadelvalle.com\/wp-content\/uploads\/2019\/05\/fotografo-mallorca-profesional-09.jpg\" \/>\n\t<meta property=\"og:image:width\" content=\"1181\" \/>\n\t<meta property=\"og:image:height\" content=\"787\" \/>\n\t<meta property=\"og:image:type\" content=\"image\/jpeg\" \/>\n<meta name=\"twitter:card\" content=\"summary_large_image\" \/>\n<meta name=\"twitter:site\" content=\"@Emibel1984\" \/>\n<meta name=\"twitter:label1\" content=\"Est. reading time\" \/>\n\t<meta name=\"twitter:data1\" content=\"6 minutes\" \/>\n<script type=\"application\/ld+json\" class=\"yoast-schema-graph\">{\"@context\":\"https:\\\/\\\/schema.org\",\"@graph\":[{\"@type\":\"WebPage\",\"@id\":\"https:\\\/\\\/www.inmadelvalle.com\\\/en\\\/privacy-policy\\\/\",\"url\":\"https:\\\/\\\/www.inmadelvalle.com\\\/en\\\/privacy-policy\\\/\",\"name\":\"Read our legal notice\",\"isPartOf\":{\"@id\":\"https:\\\/\\\/www.inmadelvalle.com\\\/en\\\/#website\"},\"datePublished\":\"2018-07-19T14:12:20+00:00\",\"dateModified\":\"2025-05-06T22:46:03+00:00\",\"description\":\"Inma del valle photography, wedding photographer in Mallorca, Balearic Islands. Luxury, elegance and emotion. hochzeiten auf mallorca.\",\"breadcrumb\":{\"@id\":\"https:\\\/\\\/www.inmadelvalle.com\\\/en\\\/privacy-policy\\\/#breadcrumb\"},\"inLanguage\":\"en-US\",\"potentialAction\":[{\"@type\":\"ReadAction\",\"target\":[\"https:\\\/\\\/www.inmadelvalle.com\\\/en\\\/privacy-policy\\\/\"]}]},{\"@type\":\"BreadcrumbList\",\"@id\":\"https:\\\/\\\/www.inmadelvalle.com\\\/en\\\/privacy-policy\\\/#breadcrumb\",\"itemListElement\":[{\"@type\":\"ListItem\",\"position\":1,\"name\":\"Portada\",\"item\":\"https:\\\/\\\/www.inmadelvalle.com\\\/en\\\/\"},{\"@type\":\"ListItem\",\"position\":2,\"name\":\"Read our legal notice\"}]},{\"@type\":\"WebSite\",\"@id\":\"https:\\\/\\\/www.inmadelvalle.com\\\/en\\\/#website\",\"url\":\"https:\\\/\\\/www.inmadelvalle.com\\\/en\\\/\",\"name\":\"[English] Photographers Mallorca | Inma del Valle | Wedding photographers Mallorca\",\"description\":\"[English] Fot\u00f3grafo en Mallorca | Inma del Valle | Fot\u00f3grafos de bodas en Mallorca | Ten un recuerdo original y elegante del d\u00eda de tu boda. Wedding photographer.\",\"publisher\":{\"@id\":\"https:\\\/\\\/www.inmadelvalle.com\\\/en\\\/#organization\"},\"potentialAction\":[{\"@type\":\"SearchAction\",\"target\":{\"@type\":\"EntryPoint\",\"urlTemplate\":\"https:\\\/\\\/www.inmadelvalle.com\\\/en\\\/?s={search_term_string}\"},\"query-input\":{\"@type\":\"PropertyValueSpecification\",\"valueRequired\":true,\"valueName\":\"search_term_string\"}}],\"inLanguage\":\"en-US\"},{\"@type\":\"Organization\",\"@id\":\"https:\\\/\\\/www.inmadelvalle.com\\\/en\\\/#organization\",\"name\":\"Inma del Valle fotograf\u00eda\",\"url\":\"https:\\\/\\\/www.inmadelvalle.com\\\/en\\\/\",\"logo\":{\"@type\":\"ImageObject\",\"inLanguage\":\"en-US\",\"@id\":\"https:\\\/\\\/www.inmadelvalle.com\\\/en\\\/#\\\/schema\\\/logo\\\/image\\\/\",\"url\":\"https:\\\/\\\/www.inmadelvalle.com\\\/wp-content\\\/uploads\\\/2018\\\/11\\\/foto\u0301grafo-en-mallorca-logo.png\",\"contentUrl\":\"https:\\\/\\\/www.inmadelvalle.com\\\/wp-content\\\/uploads\\\/2018\\\/11\\\/foto\u0301grafo-en-mallorca-logo.png\",\"width\":486,\"height\":408,\"caption\":\"Inma del Valle fotograf\u00eda\"},\"image\":{\"@id\":\"https:\\\/\\\/www.inmadelvalle.com\\\/en\\\/#\\\/schema\\\/logo\\\/image\\\/\"},\"sameAs\":[\"https:\\\/\\\/es-la.facebook.com\\\/InmadelValle\",\"https:\\\/\\\/x.com\\\/Emibel1984\",\"https:\\\/\\\/www.instagram.com\\\/inmadelvallephotography\\\/\",\"https:\\\/\\\/www.linkedin.com\\\/in\\\/inmadelvalle\\\/\",\"https:\\\/\\\/www.pinterest.es\\\/inmadelvalle\\\/\"],\"description\":\"Destination wedding photographer based in Mallorca, specializing in luxury and intimate weddings across Mallorca, Ibiza, Italy and Mexico. Known for a natural, editorial and emotion driven approach, offering a personalized experience for couples from all over the world.\",\"email\":\"infoinmadelvalle@gmail.com\",\"telephone\":\"+34616866588\",\"legalName\":\"Inma del Valle fotograf\u00eda\"}]}<\/script>\n<!-- \/ Yoast SEO Premium plugin. -->","yoast_head_json":{"title":"Read our legal notice","description":"Inma del valle photography, wedding photographer in Mallorca, Balearic Islands. Luxury, elegance and emotion. hochzeiten auf mallorca.","robots":{"index":"index","follow":"follow","max-snippet":"max-snippet:-1","max-image-preview":"max-image-preview:large","max-video-preview":"max-video-preview:-1"},"canonical":"https:\/\/www.inmadelvalle.com\/en\/privacy-policy\/","og_locale":"en_US","og_type":"article","og_title":"Read our legal notice","og_description":"Inma del valle photography, wedding photographer in Mallorca, Balearic Islands. Luxury, elegance and emotion. hochzeiten auf mallorca.","og_url":"https:\/\/www.inmadelvalle.com\/en\/privacy-policy\/","og_site_name":"[English] Photographers Mallorca | Inma del Valle | Wedding photographers Mallorca","article_publisher":"https:\/\/es-la.facebook.com\/InmadelValle","article_modified_time":"2025-05-06T22:46:03+00:00","og_image":[{"width":1181,"height":787,"url":"https:\/\/www.inmadelvalle.com\/wp-content\/uploads\/2019\/05\/fotografo-mallorca-profesional-09.jpg","type":"image\/jpeg"}],"twitter_card":"summary_large_image","twitter_site":"@Emibel1984","twitter_misc":{"Est. reading time":"6 minutes"},"schema":{"@context":"https:\/\/schema.org","@graph":[{"@type":"WebPage","@id":"https:\/\/www.inmadelvalle.com\/en\/privacy-policy\/","url":"https:\/\/www.inmadelvalle.com\/en\/privacy-policy\/","name":"Read our legal notice","isPartOf":{"@id":"https:\/\/www.inmadelvalle.com\/en\/#website"},"datePublished":"2018-07-19T14:12:20+00:00","dateModified":"2025-05-06T22:46:03+00:00","description":"Inma del valle photography, wedding photographer in Mallorca, Balearic Islands. Luxury, elegance and emotion. hochzeiten auf mallorca.","breadcrumb":{"@id":"https:\/\/www.inmadelvalle.com\/en\/privacy-policy\/#breadcrumb"},"inLanguage":"en-US","potentialAction":[{"@type":"ReadAction","target":["https:\/\/www.inmadelvalle.com\/en\/privacy-policy\/"]}]},{"@type":"BreadcrumbList","@id":"https:\/\/www.inmadelvalle.com\/en\/privacy-policy\/#breadcrumb","itemListElement":[{"@type":"ListItem","position":1,"name":"Portada","item":"https:\/\/www.inmadelvalle.com\/en\/"},{"@type":"ListItem","position":2,"name":"Read our legal notice"}]},{"@type":"WebSite","@id":"https:\/\/www.inmadelvalle.com\/en\/#website","url":"https:\/\/www.inmadelvalle.com\/en\/","name":"[English] Photographers Mallorca | Inma del Valle | Wedding photographers Mallorca","description":"[English] Fot\u00f3grafo en Mallorca | Inma del Valle | Fot\u00f3grafos de bodas en Mallorca | Ten un recuerdo original y elegante del d\u00eda de tu boda. Wedding photographer.","publisher":{"@id":"https:\/\/www.inmadelvalle.com\/en\/#organization"},"potentialAction":[{"@type":"SearchAction","target":{"@type":"EntryPoint","urlTemplate":"https:\/\/www.inmadelvalle.com\/en\/?s={search_term_string}"},"query-input":{"@type":"PropertyValueSpecification","valueRequired":true,"valueName":"search_term_string"}}],"inLanguage":"en-US"},{"@type":"Organization","@id":"https:\/\/www.inmadelvalle.com\/en\/#organization","name":"Inma del Valle fotograf\u00eda","url":"https:\/\/www.inmadelvalle.com\/en\/","logo":{"@type":"ImageObject","inLanguage":"en-US","@id":"https:\/\/www.inmadelvalle.com\/en\/#\/schema\/logo\/image\/","url":"https:\/\/www.inmadelvalle.com\/wp-content\/uploads\/2018\/11\/foto\u0301grafo-en-mallorca-logo.png","contentUrl":"https:\/\/www.inmadelvalle.com\/wp-content\/uploads\/2018\/11\/foto\u0301grafo-en-mallorca-logo.png","width":486,"height":408,"caption":"Inma del Valle fotograf\u00eda"},"image":{"@id":"https:\/\/www.inmadelvalle.com\/en\/#\/schema\/logo\/image\/"},"sameAs":["https:\/\/es-la.facebook.com\/InmadelValle","https:\/\/x.com\/Emibel1984","https:\/\/www.instagram.com\/inmadelvallephotography\/","https:\/\/www.linkedin.com\/in\/inmadelvalle\/","https:\/\/www.pinterest.es\/inmadelvalle\/"],"description":"Destination wedding photographer based in Mallorca, specializing in luxury and intimate weddings across Mallorca, Ibiza, Italy and Mexico. Known for a natural, editorial and emotion driven approach, offering a personalized experience for couples from all over the world.","email":"infoinmadelvalle@gmail.com","telephone":"+34616866588","legalName":"Inma del Valle fotograf\u00eda"}]}},"_links":{"self":[{"href":"https:\/\/www.inmadelvalle.com\/en\/wp-json\/wp\/v2\/pages\/3559","targetHints":{"allow":["GET"]}}],"collection":[{"href":"https:\/\/www.inmadelvalle.com\/en\/wp-json\/wp\/v2\/pages"}],"about":[{"href":"https:\/\/www.inmadelvalle.com\/en\/wp-json\/wp\/v2\/types\/page"}],"author":[{"embeddable":true,"href":"https:\/\/www.inmadelvalle.com\/en\/wp-json\/wp\/v2\/users\/1"}],"replies":[{"embeddable":true,"href":"https:\/\/www.inmadelvalle.com\/en\/wp-json\/wp\/v2\/comments?post=3559"}],"version-history":[{"count":0,"href":"https:\/\/www.inmadelvalle.com\/en\/wp-json\/wp\/v2\/pages\/3559\/revisions"}],"wp:attachment":[{"href":"https:\/\/www.inmadelvalle.com\/en\/wp-json\/wp\/v2\/media?parent=3559"}],"wp:term":[{"taxonomy":"category","embeddable":true,"href":"https:\/\/www.inmadelvalle.com\/en\/wp-json\/wp\/v2\/categories?post=3559"},{"taxonomy":"post_tag","embeddable":true,"href":"https:\/\/www.inmadelvalle.com\/en\/wp-json\/wp\/v2\/tags?post=3559"}],"curies":[{"name":"wp","href":"https:\/\/api.w.org\/{rel}","templated":true}]}}